{"id":56,"date":"2020-06-08T03:54:14","date_gmt":"2020-06-08T03:54:14","guid":{"rendered":"http:\/\/industrey-demo.pbminfotech.com\/demo1\/?page_id=13061"},"modified":"2025-10-17T06:25:46","modified_gmt":"2025-10-17T06:25:46","slug":"zaufali-nam","status":"publish","type":"page","link":"https:\/\/www.gcprojekt.pl\/en\/zaufali-nam\/","title":{"rendered":"They trusted us"},"content":{"rendered":"<div data-elementor-type=\"wp-page\" data-elementor-id=\"56\" class=\"elementor elementor-56\">\n\t\t\t\t\t\t<section class=\"elementor-section elementor-top-section elementor-element elementor-element-36377c9 tstk-bg-color-yes tstk-elementor-bg-color-light elementor-section-stretched tstk-col-stretched-none tstk-bg-color-over-image elementor-section-boxed elementor-section-height-default elementor-section-height-default\" data-id=\"36377c9\" data-element_type=\"section\" data-e-type=\"section\" data-settings=\"{&quot;stretch_section&quot;:&quot;section-stretched&quot;}\">\n\t\t\t\t\t\t<div class=\"elementor-container elementor-column-gap-no\">\n\t\t\t\t\t<div class=\"elementor-column elementor-col-100 elementor-top-column elementor-element elementor-element-b5fde92 tstk-bg-color-over-image\" data-id=\"b5fde92\" data-element_type=\"column\" data-e-type=\"column\">\n\t\t\t<div class=\"elementor-widget-wrap elementor-element-populated\">\n\t\t\t\t\t\t<div class=\"elementor-element elementor-element-a94c8a5 tstk-align-center elementor-widget elementor-widget-tstk_heading\" data-id=\"a94c8a5\" data-element_type=\"widget\" data-e-type=\"widget\" data-widget_type=\"tstk_heading.default\">\n\t\t\t\t<div class=\"elementor-widget-container\">\n\t\t\t\t\t\t<div class=\"tstk-heading-subheading center-align tstk-reverse-heading-yes\"><h2 class=\"tstk-element-title\">\r\n\t\t\t\r\n\t\t\t\tThey trusted us\r\n\t\t\t\r\n\t\t\t<\/h2>\r\n\t\t<div class=\"tstk-heading-desc\">For years, we have been collaborating with road and rail managers, local government units, general contractors, and design offices on key investments across Poland. Below are some of our selected partners.<\/div><\/div>\t\t\t\t<\/div>\n\t\t\t\t<\/div>\n\t\t\t\t<div class=\"elementor-section elementor-inner-section elementor-element elementor-element-2ee0de6 tstk-col-stretched-none tstk-bg-color-over-image elementor-section-boxed elementor-section-height-default elementor-section-height-default\" data-id=\"2ee0de6\" data-element_type=\"section\" data-e-type=\"section\">\n\t\t\t\t\t\t<div class=\"elementor-container elementor-column-gap-no\">\n\t\t\t\t\t<div class=\"elementor-column elementor-col-100 elementor-inner-column elementor-element elementor-element-b70dda6 tstk-bg-color-over-image\" data-id=\"b70dda6\" data-element_type=\"column\" data-e-type=\"column\">\n\t\t\t<div class=\"elementor-widget-wrap elementor-element-populated\">\n\t\t\t\t\t\t<div class=\"elementor-element elementor-element-62ea6e3 tstk-align-left elementor-widget elementor-widget-tstk_custom_heading\" data-id=\"62ea6e3\" data-element_type=\"widget\" data-e-type=\"widget\" data-widget_type=\"tstk_custom_heading.default\">\n\t\t\t\t<div class=\"elementor-widget-container\">\n\t\t\t\t\t\t<div class=\"tstk-custom-heading left-align\"><h2 class=\"tstk-element-title\">\r\n\t\t\t\r\n\t\t\t\tPublic partners\r\n\t\t\t\r\n\t\t\t<\/h2>\r\n\t\t<\/div>\t\t\t\t<\/div>\n\t\t\t\t<\/div>\n\t\t\t\t<div class=\"elementor-element elementor-element-0dfb209 elementor-widget elementor-widget-text-editor\" data-id=\"0dfb209\" data-element_type=\"widget\" data-e-type=\"widget\" data-widget_type=\"text-editor.default\">\n\t\t\t\t<div class=\"elementor-widget-container\">\n\t\t\t\t\t\t\t\t\t<ul><li>General Directorate for National Roads and Motorways \u2013 Rzesz\u00f3w Branch<\/li><li>General Directorate for National Roads and Motorways \u2013 Katowice Branch<\/li><li>PKP Polish Railway Lines SA<\/li><li>Podkarpackie Voivodeship Roads Authority in Rzesz\u00f3w<\/li><li>District Road Authority in Bochnia<\/li><li>District Road Authority in Tarn\u00f3w (based in Zg\u0142obice)<\/li><li>District Roads Authority in Rzesz\u00f3w<\/li><li>District Road Authority in Nowy S\u0105cz<\/li><li>Hy\u017cne Commune<\/li><li>Kamionka Wielka Commune<\/li><li>City of Przemy\u015bl (Municipality of Przemy\u015bl)<\/li><li>ZEN.COM Expo \u2013 Exhibition and Congress Center of the Podkarpackie Voivodeship<\/li><\/ul>\t\t\t\t\t\t\t\t<\/div>\n\t\t\t\t<\/div>\n\t\t\t\t<div class=\"elementor-element elementor-element-9a099c0 tstk-align-left elementor-widget elementor-widget-tstk_custom_heading\" data-id=\"9a099c0\" data-element_type=\"widget\" data-e-type=\"widget\" data-widget_type=\"tstk_custom_heading.default\">\n\t\t\t\t<div class=\"elementor-widget-container\">\n\t\t\t\t\t\t<div class=\"tstk-custom-heading left-align\"><h2 class=\"tstk-element-title\">\r\n\t\t\t\r\n\t\t\t\tContractors\r\n\t\t\t\r\n\t\t\t<\/h2>\r\n\t\t<\/div>\t\t\t\t<\/div>\n\t\t\t\t<\/div>\n\t\t\t\t<div class=\"elementor-element elementor-element-9f5df4a elementor-widget elementor-widget-text-editor\" data-id=\"9f5df4a\" data-element_type=\"widget\" data-e-type=\"widget\" data-widget_type=\"text-editor.default\">\n\t\t\t\t<div class=\"elementor-widget-container\">\n\t\t\t\t\t\t\t\t\t<ul><li data-start=\"1138\" data-end=\"1156\">Budimex SA<\/li><li data-start=\"1138\" data-end=\"1156\">STRABAG Sp. z o. o.<\/li><li data-start=\"1138\" data-end=\"1156\">Mostostal Warszawa SA<\/li><li data-start=\"1138\" data-end=\"1156\">G\u00dcLERMAK A\u011f\u0131r Sanayi \u0130n\u015faat ve Taahh\u00fct A.\u015e.<\/li><li data-start=\"1138\" data-end=\"1156\">Remost Sp. z o. o.<\/li><li data-start=\"1138\" data-end=\"1156\">Mosty \u0141\u00f3d\u017a SA<\/li><li data-start=\"1138\" data-end=\"1156\">Balzola Polska Sp. z o. o.<\/li><li data-start=\"1138\" data-end=\"1156\">Stump-Franki Sp. z o. o.<\/li><li data-start=\"1138\" data-end=\"1156\">Keller Polska Sp. z o. o.<\/li><li data-start=\"1138\" data-end=\"1156\">ENGINEERING RZESZ\u00d3W SA<\/li><li data-start=\"1138\" data-end=\"1156\">PORR SA<\/li><li data-start=\"1138\" data-end=\"1156\">ONDE SA<\/li><li data-start=\"1138\" data-end=\"1156\">Duna Polska SA<\/li><\/ul>\t\t\t\t\t\t\t\t<\/div>\n\t\t\t\t<\/div>\n\t\t\t\t<div class=\"elementor-element elementor-element-ef5def3 tstk-align-left elementor-widget elementor-widget-tstk_custom_heading\" data-id=\"ef5def3\" data-element_type=\"widget\" data-e-type=\"widget\" data-widget_type=\"tstk_custom_heading.default\">\n\t\t\t\t<div class=\"elementor-widget-container\">\n\t\t\t\t\t\t<div class=\"tstk-custom-heading left-align\"><h2 class=\"tstk-element-title\">\r\n\t\t\t\r\n\t\t\t\tDesign offices\r\n\t\t\t\r\n\t\t\t<\/h2>\r\n\t\t<\/div>\t\t\t\t<\/div>\n\t\t\t\t<\/div>\n\t\t\t\t<div class=\"elementor-element elementor-element-032bae5 elementor-widget elementor-widget-text-editor\" data-id=\"032bae5\" data-element_type=\"widget\" data-e-type=\"widget\" data-widget_type=\"text-editor.default\">\n\t\t\t\t<div class=\"elementor-widget-container\">\n\t\t\t\t\t\t\t\t\t<ul><li data-start=\"1470\" data-end=\"1511\">Promost Consulting Sp. z o. o. sp.k.<\/li><li data-start=\"1470\" data-end=\"1511\">MGGP SA<\/li><li data-start=\"1470\" data-end=\"1511\">Egis Poland Sp. z o. o.<\/li><li data-start=\"1470\" data-end=\"1511\">Multiconsult Polska Sp. z o. o.<\/li><li data-start=\"1470\" data-end=\"1511\">Transprojekt-Warszawa Sp. z o. o.<\/li><li data-start=\"1470\" data-end=\"1511\">Bridges Katowice Sp. z o. o.<\/li><li data-start=\"1470\" data-end=\"1511\"><span data-teams=\"true\">Bridges Gda\u0144sk sp. z o. o.<\/span><\/li><\/ul>\t\t\t\t\t\t\t\t<\/div>\n\t\t\t\t<\/div>\n\t\t\t\t<div class=\"elementor-element elementor-element-ebaaf58 elementor-widget elementor-widget-text-editor\" data-id=\"ebaaf58\" data-element_type=\"widget\" data-e-type=\"widget\" data-widget_type=\"text-editor.default\">\n\t\t\t\t<div class=\"elementor-widget-container\">\n\t\t\t\t\t\t\t\t\t<h6>Do you have a project in challenging terrain or with tight deadlines? Join our team of partners\u2014contact us, and we&#039;ll prepare a quick proposal.<\/h6>\t\t\t\t\t\t\t\t<\/div>\n\t\t\t\t<\/div>\n\t\t\t\t\t<\/div>\n\t\t<\/div>\n\t\t\t\t\t<\/div>\n\t\t<\/div>\n\t\t\t\t\t<\/div>\n\t\t<\/div>\n\t\t\t\t\t<\/div>\n\t\t<\/section>\n\t\t\t\t<\/div>","protected":false},"excerpt":{"rendered":"<p>Zaufali Nam Od lat wsp\u00f3\u0142pracujemy z zarz\u0105dcami dr\u00f3g i kolei, jednostkami samorz\u0105dowymi, generalnymi wykonawcami oraz biurami projektowymi przy kluczowych inwestycjach w ca\u0142ej Polsce. Poni\u017cej wybrani partnerzy Partnerzy publiczni Generalna Dyrekcja Dr\u00f3g Krajowych i Autostrad \u2013 Oddzia\u0142 w Rzeszowie Generalna Dyrekcja Dr\u00f3g Krajowych i Autostrad \u2013 Oddzia\u0142 w Katowicach PKP Polskie Linie Kolejowe S.A. Podkarpacki Zarz\u0105d Dr\u00f3g Wojew\u00f3dzkich w Rzeszowie Powiatowy Zarz\u0105d Dr\u00f3g w Bochni Powiatowy Zarz\u0105d Dr\u00f3g w Tarnowie (z[&hellip;]<\/p>\n","protected":false},"author":1,"featured_media":0,"parent":0,"menu_order":7,"comment_status":"closed","ping_status":"closed","template":"","meta":{"_acf_changed":false,"footnotes":""},"class_list":["post-56","page","type-page","status-publish","hentry"],"acf":[],"_links":{"self":[{"href":"https:\/\/www.gcprojekt.pl\/en\/wp-json\/wp\/v2\/pages\/56","targetHints":{"allow":["GET"]}}],"collection":[{"href":"https:\/\/www.gcprojekt.pl\/en\/wp-json\/wp\/v2\/pages"}],"about":[{"href":"https:\/\/www.gcprojekt.pl\/en\/wp-json\/wp\/v2\/types\/page"}],"author":[{"embeddable":true,"href":"https:\/\/www.gcprojekt.pl\/en\/wp-json\/wp\/v2\/users\/1"}],"replies":[{"embeddable":true,"href":"https:\/\/www.gcprojekt.pl\/en\/wp-json\/wp\/v2\/comments?post=56"}],"version-history":[{"count":28,"href":"https:\/\/www.gcprojekt.pl\/en\/wp-json\/wp\/v2\/pages\/56\/revisions"}],"predecessor-version":[{"id":698,"href":"https:\/\/www.gcprojekt.pl\/en\/wp-json\/wp\/v2\/pages\/56\/revisions\/698"}],"wp:attachment":[{"href":"https:\/\/www.gcprojekt.pl\/en\/wp-json\/wp\/v2\/media?parent=56"}],"curies":[{"name":"wp","href":"https:\/\/api.w.org\/{rel}","templated":true}]}}