{"id":59,"date":"2020-06-03T09:25:39","date_gmt":"2020-06-03T09:25:39","guid":{"rendered":"http:\/\/industrey-demo.pbminfotech.com\/demo1\/?page_id=12842"},"modified":"2025-10-17T06:26:54","modified_gmt":"2025-10-17T06:26:54","slug":"kontakt","status":"publish","type":"page","link":"https:\/\/www.gcprojekt.pl\/en\/kontakt\/","title":{"rendered":"Contact"},"content":{"rendered":"<div data-elementor-type=\"wp-page\" data-elementor-id=\"59\" class=\"elementor elementor-59\">\n\t\t\t\t\t\t<section class=\"elementor-section elementor-top-section elementor-element elementor-element-f07879f tstk-col-stretched-none tstk-bg-color-over-image elementor-section-boxed elementor-section-height-default elementor-section-height-default\" data-id=\"f07879f\" data-element_type=\"section\" data-e-type=\"section\">\n\t\t\t\t\t\t<div class=\"elementor-container elementor-column-gap-no\">\n\t\t\t\t\t<div class=\"elementor-column elementor-col-33 elementor-top-column elementor-element elementor-element-9fa0836 tstk-bg-color-over-image\" data-id=\"9fa0836\" data-element_type=\"column\" data-e-type=\"column\">\n\t\t\t<div class=\"elementor-widget-wrap elementor-element-populated\">\n\t\t\t\t\t\t<div class=\"elementor-element elementor-element-39bc241 tstk-align-left elementor-widget elementor-widget-tstk_heading\" data-id=\"39bc241\" data-element_type=\"widget\" data-e-type=\"widget\" data-widget_type=\"tstk_heading.default\">\n\t\t\t\t<div class=\"elementor-widget-container\">\n\t\t\t\t\t\t<div class=\"tstk-heading-subheading left-align\"><h2 class=\"tstk-element-title\">\r\n\t\t\t\r\n\t\t\t\tContact GC PROJEKT\r\n\t\t\t\r\n\t\t\t<\/h2>\r\n\t\t<\/div>\t\t\t\t<\/div>\n\t\t\t\t<\/div>\n\t\t\t\t\t<\/div>\n\t\t<\/div>\n\t\t\t\t<div class=\"elementor-column elementor-col-66 elementor-top-column elementor-element elementor-element-aad0478 tstk-bg-color-over-image\" data-id=\"aad0478\" data-element_type=\"column\" data-e-type=\"column\">\n\t\t\t<div class=\"elementor-widget-wrap elementor-element-populated\">\n\t\t\t\t\t\t<div class=\"elementor-element elementor-element-e39754e elementor-widget elementor-widget-text-editor\" data-id=\"e39754e\" data-element_type=\"widget\" data-e-type=\"widget\" data-widget_type=\"text-editor.default\">\n\t\t\t\t<div class=\"elementor-widget-container\">\n\t\t\t\t\t\t\t\t\t<p>Do you have a project with complex soil and water conditions? Do you urgently need to check slope stability, excavation drainage, or select a subgrade reinforcement technology? Write or call us\u2014we&#039;ll find the solution and schedule.<\/p>\t\t\t\t\t\t\t\t<\/div>\n\t\t\t\t<\/div>\n\t\t\t\t\t<\/div>\n\t\t<\/div>\n\t\t\t\t\t<\/div>\n\t\t<\/section>\n\t\t\t\t<section class=\"elementor-section elementor-top-section elementor-element elementor-element-880706a tstk-col-stretched-right elementor-section-stretched tstk-margin-zero tstk-bg-color-over-image elementor-section-boxed elementor-section-height-default elementor-section-height-default\" data-id=\"880706a\" data-element_type=\"section\" data-e-type=\"section\" data-settings=\"{&quot;stretch_section&quot;:&quot;section-stretched&quot;}\">\n\t\t\t\t\t\t<div class=\"elementor-container elementor-column-gap-no\">\n\t\t\t\t\t<div class=\"elementor-column elementor-col-33 elementor-top-column elementor-element elementor-element-f82c092 tstk-bg-color-yes tstk-elementor-bg-color-blackish tstk-text-color-white tstk-bg-color-over-image\" data-id=\"f82c092\" data-element_type=\"column\" data-e-type=\"column\">\n\t\t\t<div class=\"elementor-widget-wrap elementor-element-populated\">\n\t\t\t\t\t\t<div class=\"elementor-element elementor-element-926aeb6 elementor-widget elementor-widget-tstk_icon_heading\" data-id=\"926aeb6\" data-element_type=\"widget\" data-e-type=\"widget\" data-widget_type=\"tstk_icon_heading.default\">\n\t\t\t\t<div class=\"elementor-widget-container\">\n\t\t\t\t\t<div class=\"tstk-ihbox tstk-ihbox-style-9\">\r\n<div class=\"tstk-ihbox-box d-flex align-items-center\">\r\n\t<div class=\"tstk-ihbox-icon\"><div class=\"tstk-ihbox-icon-wrapper\"><i class=\"tstk-industrey-icon tstk-industrey-icon-location\"><\/i><\/div><\/div>\t\r\n\t<div class=\"tstk-ihbox-contents\">\t\r\n\t\t<h2 class=\"tstk-element-title\">\r\n\t\t\t\t\t\r\n\t\t\t\t\t\tOur location\r\n\t\t\t\t\t\r\n\t\t\t\t\t<\/h2>\r\n\t\t\t\t\t\r\n\t\t\t\t<div class=\"tstk-heading-desc\">GC PROJEKT Sp. z o. o. ul. Budziwojska 79, 35-317 Rzesz\u00f3w NIP: PL8133671677 REGON: 180826134<\/div>\t\t\t<\/div><!-- .tstk-ihbox-contents -->\r\n<\/div><\/div>\t\t\t\t<\/div>\n\t\t\t\t<\/div>\n\t\t\t\t<div class=\"elementor-element elementor-element-9301b3b elementor-widget elementor-widget-tstk_icon_heading\" data-id=\"9301b3b\" data-element_type=\"widget\" data-e-type=\"widget\" data-widget_type=\"tstk_icon_heading.default\">\n\t\t\t\t<div class=\"elementor-widget-container\">\n\t\t\t\t\t<div class=\"tstk-ihbox tstk-ihbox-style-9\">\r\n<div class=\"tstk-ihbox-box d-flex align-items-center\">\r\n\t<div class=\"tstk-ihbox-icon\"><div class=\"tstk-ihbox-icon-wrapper\"><i class=\"tstk-industrey-icon tstk-industrey-icon-telephone\"><\/i><\/div><\/div>\t\r\n\t<div class=\"tstk-ihbox-contents\">\t\r\n\t\t<h2 class=\"tstk-element-title\">\r\n\t\t\t\t\t\r\n\t\t\t\t\t\tPhone\r\n\t\t\t\t\t\r\n\t\t\t\t\t<\/h2>\r\n\t\t\t\t\t\r\n\t\t\t\t<div class=\"tstk-heading-desc\">+48 17 229 33 64 We will call you back as soon as possible (usually the next business day).<\/div>\t\t\t<\/div><!-- .tstk-ihbox-contents -->\r\n<\/div><\/div>\t\t\t\t<\/div>\n\t\t\t\t<\/div>\n\t\t\t\t<div class=\"elementor-element elementor-element-9001bf5 elementor-widget elementor-widget-tstk_icon_heading\" data-id=\"9001bf5\" data-element_type=\"widget\" data-e-type=\"widget\" data-widget_type=\"tstk_icon_heading.default\">\n\t\t\t\t<div class=\"elementor-widget-container\">\n\t\t\t\t\t<div class=\"tstk-ihbox tstk-ihbox-style-9\">\r\n<div class=\"tstk-ihbox-box d-flex align-items-center\">\r\n\t<div class=\"tstk-ihbox-icon\"><div class=\"tstk-ihbox-icon-wrapper\"><i class=\"tstk-industrey-icon tstk-industrey-icon-email\"><\/i><\/div><\/div>\t\r\n\t<div class=\"tstk-ihbox-contents\">\t\r\n\t\t<h2 class=\"tstk-element-title\">\r\n\t\t\t\t\t\r\n\t\t\t\t\t\tE-mail\r\n\t\t\t\t\t\r\n\t\t\t\t\t<\/h2>\r\n\t\t\t\t\t\r\n\t\t\t\t<div class=\"tstk-heading-desc\">biuro@gcprojekt.pl<\/div>\t\t\t<\/div><!-- .tstk-ihbox-contents -->\r\n<\/div><\/div>\t\t\t\t<\/div>\n\t\t\t\t<\/div>\n\t\t\t\t\t<\/div>\n\t\t<\/div>\n\t\t\t\t<div class=\"elementor-column elementor-col-66 elementor-top-column elementor-element elementor-element-dcdf295 tstk-bg-color-yes tstk-elementor-bg-color-light tstk-bg-image-over-color\" data-id=\"dcdf295\" data-element_type=\"column\" data-e-type=\"column\" data-settings=\"{&quot;background_background&quot;:&quot;classic&quot;}\">\n\t\t\t<div class=\"elementor-widget-wrap elementor-element-populated\">\n\t\t\t\t\t\t<div class=\"elementor-element elementor-element-cf2f0d3 elementor-widget elementor-widget-shortcode\" data-id=\"cf2f0d3\" data-element_type=\"widget\" data-e-type=\"widget\" data-widget_type=\"shortcode.default\">\n\t\t\t\t<div class=\"elementor-widget-container\">\n\t\t\t\t\t\t\t<div class=\"elementor-shortcode\">\n<div class=\"wpcf7 no-js\" id=\"wpcf7-f39-o1\" lang=\"en-US\" dir=\"ltr\" data-wpcf7-id=\"39\">\n<div class=\"screen-reader-response\"><p role=\"status\" aria-live=\"polite\" aria-atomic=\"true\"><\/p> <ul><\/ul><\/div>\n<form action=\"\/en\/wp-json\/wp\/v2\/pages\/59#wpcf7-f39-o1\" method=\"post\" class=\"wpcf7-form init\" aria-label=\"Contact form\" novalidate=\"novalidate\" data-status=\"init\" data-trp-original-action=\"\/en\/wp-json\/wp\/v2\/pages\/59#wpcf7-f39-o1\">\n<fieldset class=\"hidden-fields-container\"><input type=\"hidden\" name=\"_wpcf7\" value=\"39\" \/><input type=\"hidden\" name=\"_wpcf7_version\" value=\"6.1.5\" \/><input type=\"hidden\" name=\"_wpcf7_locale\" value=\"en_US\" \/><input type=\"hidden\" name=\"_wpcf7_unit_tag\" value=\"wpcf7-f39-o1\" \/><input type=\"hidden\" name=\"_wpcf7_container_post\" value=\"0\" \/><input type=\"hidden\" name=\"_wpcf7_posted_data_hash\" value=\"\" \/>\n<\/fieldset>\n<div class=\"main-form tstk-form-style-2\">\n\t<div class=\"row\">\n\t\t<div class=\"col-sm-6\">\n\t\t\t<div class=\"input-group\">\n\t\t\t\t<p><span class=\"wpcf7-form-control-wrap\" data-name=\"your-name\"><input size=\"40\" maxlength=\"400\" class=\"wpcf7-form-control wpcf7-text wpcf7-validates-as-required\" aria-required=\"true\" aria-invalid=\"false\" placeholder=\"Your Name\" value=\"\" type=\"text\" name=\"your-name\" \/><\/span>\n\t\t\t\t<\/p>\n\t\t\t<\/div>\n\t\t<\/div>\n\t\t<div class=\"col-sm-6\">\n\t\t\t<div class=\"input-group\">\n\t\t\t\t<p><span class=\"wpcf7-form-control-wrap\" data-name=\"your-email\"><input size=\"40\" maxlength=\"400\" class=\"wpcf7-form-control wpcf7-email wpcf7-validates-as-required wpcf7-text wpcf7-validates-as-email\" aria-required=\"true\" aria-invalid=\"false\" placeholder=\"Email address\" value=\"\" type=\"email\" name=\"your-email\" \/><\/span>\n\t\t\t\t<\/p>\n\t\t\t<\/div>\n\t\t<\/div>\n\t\t<div class=\"col-sm-6\">\n\t\t\t<div class=\"input-group\">\n\t\t\t\t<p><span class=\"wpcf7-form-control-wrap\" data-name=\"your-phone\"><input size=\"40\" maxlength=\"400\" class=\"wpcf7-form-control wpcf7-tel wpcf7-text wpcf7-validates-as-tel\" aria-invalid=\"false\" placeholder=\"Phone number\" value=\"\" type=\"tel\" name=\"your-phone\" \/><\/span>\n\t\t\t\t<\/p>\n\t\t\t<\/div>\n\t\t<\/div>\n\t\t<div class=\"col-sm-6\">\n\t\t\t<div class=\"input-group\">\n\t\t\t\t<p><span class=\"wpcf7-form-control-wrap\" data-name=\"Select\"><select class=\"wpcf7-form-control wpcf7-select wpcf7-validates-as-required\" aria-required=\"true\" aria-invalid=\"false\" name=\"Select\"><option value=\"\">Select a service<\/option><option value=\"Konstrukcje oporowe i obudowy wykop\u00f3w\">Retaining structures and excavation supports<\/option><option value=\"Wzmocnienia pod\u0142o\u017ca (DSM, kolumny, geosyntetyki)\">Subgrade reinforcement (DSM, columns, geosynthetics)<\/option><option value=\"Zabezpieczenia skarp, nasyp\u00f3w i wykop\u00f3w\">Protection of slopes, embankments and excavations<\/option><option value=\"Odwodnienia konstrukcji in\u017cynierskich\">Drainage of engineering structures<\/option><option value=\"Modelowanie przep\u0142ywu w\u00f3d podziemnych\">Groundwater flow modeling<\/option><option value=\"Technologia budowy nasyp\u00f3w (inwestycje liniowe)\">Embankment construction technology (linear investments)<\/option><option value=\"Zabezpieczenia osuwisk\">Landslide protection<\/option><option value=\"Rozbudowy dr\u00f3g \/ projekty drogowe\">Road expansions\/road projects<\/option><option value=\"Inne (opisz w wiadomo\u015bci)\">Other (describe in message)<\/option><\/select><\/span>\n\t\t\t\t<\/p>\n\t\t\t<\/div>\n\t\t<\/div>\n\t\t<div class=\"col-sm-12\">\n\t\t\t<div class=\"input-group\">\n\t\t\t\t<p><span class=\"wpcf7-form-control-wrap\" data-name=\"message\"><textarea cols=\"40\" rows=\"10\" maxlength=\"2000\" class=\"wpcf7-form-control wpcf7-textarea wpcf7-validates-as-required\" aria-required=\"true\" aria-invalid=\"false\" placeholder=\"Message (briefly: location, road class\/object, problem\/scope, deadline)\" name=\"message\"><\/textarea><\/span>\n\t\t\t\t<\/p>\n\t\t\t<\/div>\n\t\t<\/div>\n\t\t<div class=\"col-lg-6 col-md-12\">\n\t\t\t<div class=\"input-group input-button\">\n\t\t\t\t<p><button id='submit' class='wpcf7-form-control wpcf7-submit'><span>Send inquiry<\/span><\/button>\n\t\t\t\t<\/p>\n\t\t\t<\/div>\n\t\t<\/div>\n\t<\/div>\n<\/div><div class=\"wpcf7-response-output\" aria-hidden=\"true\"><\/div>\n<input type=\"hidden\" name=\"trp-form-language\" value=\"en\"\/><\/form>\n<\/div>\n<\/div>\n\t\t\t\t\t\t<\/div>\n\t\t\t\t<\/div>\n\t\t\t\t\t<\/div>\n\t\t<\/div>\n\t\t\t\t\t<\/div>\n\t\t<\/section>\n\t\t\t\t<\/div>","protected":false},"excerpt":{"rendered":"<p>Skontaktuj si\u0119 z GC PROJEKT Masz inwestycj\u0119 w z\u0142o\u017conych warunkach gruntowo-wodnych? Potrzebujesz pilnie sprawdzi\u0107 stateczno\u015b\u0107 skarpy, odwodnienie wykopu albo dobra\u0107 technologi\u0119 wzmocnienia pod\u0142o\u017ca? Napisz lub zadzwo\u0144 \u2014 dobierzemy rozwi\u0105zanie i termin. Nasza lokalizacja GC PROJEKT Sp. z o.o. ul. Budziwojska 79, 35-317 Rzesz\u00f3w NIP: PL8133671677 \u00b7 REGON: 180826134 Telefon +48 17 229 33 64 Oddzwaniamy mo\u017cliwie szybko (zwykle nast\u0119pnego dnia roboczego). E-mail biuro@gcprojekt.pl<\/p>","protected":false},"author":1,"featured_media":0,"parent":0,"menu_order":14,"comment_status":"closed","ping_status":"closed","template":"","meta":{"_acf_changed":false,"footnotes":""},"class_list":["post-59","page","type-page","status-publish","hentry"],"acf":[],"_links":{"self":[{"href":"https:\/\/www.gcprojekt.pl\/en\/wp-json\/wp\/v2\/pages\/59","targetHints":{"allow":["GET"]}}],"collection":[{"href":"https:\/\/www.gcprojekt.pl\/en\/wp-json\/wp\/v2\/pages"}],"about":[{"href":"https:\/\/www.gcprojekt.pl\/en\/wp-json\/wp\/v2\/types\/page"}],"author":[{"embeddable":true,"href":"https:\/\/www.gcprojekt.pl\/en\/wp-json\/wp\/v2\/users\/1"}],"replies":[{"embeddable":true,"href":"https:\/\/www.gcprojekt.pl\/en\/wp-json\/wp\/v2\/comments?post=59"}],"version-history":[{"count":13,"href":"https:\/\/www.gcprojekt.pl\/en\/wp-json\/wp\/v2\/pages\/59\/revisions"}],"predecessor-version":[{"id":448,"href":"https:\/\/www.gcprojekt.pl\/en\/wp-json\/wp\/v2\/pages\/59\/revisions\/448"}],"wp:attachment":[{"href":"https:\/\/www.gcprojekt.pl\/en\/wp-json\/wp\/v2\/media?parent=59"}],"curies":[{"name":"wp","href":"https:\/\/api.w.org\/{rel}","templated":true}]}}