{"id":64,"date":"2020-05-30T03:47:46","date_gmt":"2020-05-30T03:47:46","guid":{"rendered":"http:\/\/industrey-demo.pbminfotech.com\/demo1\/?page_id=12661"},"modified":"2026-01-19T15:11:21","modified_gmt":"2026-01-19T15:11:21","slug":"o-nas","status":"publish","type":"page","link":"https:\/\/www.gcprojekt.pl\/en\/o-nas\/","title":{"rendered":"About us"},"content":{"rendered":"<div data-elementor-type=\"wp-page\" data-elementor-id=\"64\" class=\"elementor elementor-64\">\n\t\t\t\t\t\t<section class=\"elementor-section elementor-top-section elementor-element elementor-element-250835d elementor-section-content-middle tstk-col-stretched-none tstk-bg-color-over-image elementor-section-boxed elementor-section-height-default elementor-section-height-default\" data-id=\"250835d\" data-element_type=\"section\" data-e-type=\"section\">\n\t\t\t\t\t\t<div class=\"elementor-container elementor-column-gap-no\">\n\t\t\t\t\t<div class=\"elementor-column elementor-col-50 elementor-top-column elementor-element elementor-element-38d4a15 tstk-bg-color-over-image\" data-id=\"38d4a15\" data-element_type=\"column\" data-e-type=\"column\">\n\t\t\t<div class=\"elementor-widget-wrap elementor-element-populated\">\n\t\t\t\t\t\t<div class=\"elementor-element elementor-element-eab73c7 elementor-widget elementor-widget-image\" data-id=\"eab73c7\" data-element_type=\"widget\" data-e-type=\"widget\" data-widget_type=\"image.default\">\n\t\t\t\t<div class=\"elementor-widget-container\">\n\t\t\t\t\t\t\t\t\t\t\t\t\t\t\t<img fetchpriority=\"high\" decoding=\"async\" width=\"847\" height=\"476\" src=\"https:\/\/www.gcprojekt.pl\/wp-content\/uploads\/2026\/01\/logogc-1024x576.jpeg\" class=\"attachment-large size-large wp-image-889\" alt=\"\" srcset=\"https:\/\/www.gcprojekt.pl\/wp-content\/uploads\/2026\/01\/logogc-1024x576.jpeg 1024w, https:\/\/www.gcprojekt.pl\/wp-content\/uploads\/2026\/01\/logogc-300x169.jpeg 300w, https:\/\/www.gcprojekt.pl\/wp-content\/uploads\/2026\/01\/logogc-768x432.jpeg 768w, https:\/\/www.gcprojekt.pl\/wp-content\/uploads\/2026\/01\/logogc-1536x864.jpeg 1536w, https:\/\/www.gcprojekt.pl\/wp-content\/uploads\/2026\/01\/logogc-2048x1152.jpeg 2048w, https:\/\/www.gcprojekt.pl\/wp-content\/uploads\/2026\/01\/logogc-18x10.jpeg 18w, https:\/\/www.gcprojekt.pl\/wp-content\/uploads\/2026\/01\/logogc-770x433.jpeg 770w\" sizes=\"(max-width: 847px) 100vw, 847px\" \/>\t\t\t\t\t\t\t\t\t\t\t\t\t\t\t<\/div>\n\t\t\t\t<\/div>\n\t\t\t\t\t<\/div>\n\t\t<\/div>\n\t\t\t\t<div class=\"elementor-column elementor-col-50 elementor-top-column elementor-element elementor-element-a7fd3fe tstk-bg-color-over-image\" data-id=\"a7fd3fe\" data-element_type=\"column\" data-e-type=\"column\">\n\t\t\t<div class=\"elementor-widget-wrap elementor-element-populated\">\n\t\t\t\t\t\t<div class=\"elementor-element elementor-element-c7298c8 tstk-align-left elementor-widget elementor-widget-tstk_heading\" data-id=\"c7298c8\" data-element_type=\"widget\" data-e-type=\"widget\" data-widget_type=\"tstk_heading.default\">\n\t\t\t\t<div class=\"elementor-widget-container\">\n\t\t\t\t\t\t<div class=\"tstk-heading-subheading left-align tstk-reverse-heading-yes\"><h2 class=\"tstk-element-title\">\r\n\t\t\t\r\n\t\t\t\tGC PROJEKT Sp. z o. o. \u2013 design and consulting office\r\n\t\t\t\r\n\t\t\t<\/h2>\r\n\t\t<\/div>\t\t\t\t<\/div>\n\t\t\t\t<\/div>\n\t\t\t\t<div class=\"elementor-element elementor-element-eaaa293 elementor-widget elementor-widget-text-editor\" data-id=\"eaaa293\" data-element_type=\"widget\" data-e-type=\"widget\" data-widget_type=\"text-editor.default\">\n\t\t\t\t<div class=\"elementor-widget-container\">\n\t\t\t\t\t\t\t\t\t<p><strong>We are a leading design and consulting company on the Polish market, providing services in the broad field of geotechnical engineering. <\/strong><\/p><p><strong>We have completed many large and prestigious projects involving complex geotechnical issues such as: landslide protection, slope protection for excavations and embankments of linear structures, soil reinforcement, and foundation designs for engineering and construction structures. <\/strong><\/p>\t\t\t\t\t\t\t\t<\/div>\n\t\t\t\t<\/div>\n\t\t\t\t<div class=\"elementor-element elementor-element-cfd51a0 tstk-align-left elementor-widget elementor-widget-tstk_multiple_icon_heading\" data-id=\"cfd51a0\" data-element_type=\"widget\" data-e-type=\"widget\" data-widget_type=\"tstk_multiple_icon_heading.default\">\n\t\t\t\t<div class=\"elementor-widget-container\">\n\t\t\t\t\t<div class=\"themestek-element themestek-element-miconheading tstk-element-miconheading-style-2 themestek-element-viewtype-row-column tstk-infinite-scroll-no tstk-infinite-scroll-button-no\" data-cpt=\"miconheading\" data-totalpagination=\"1\" data-style=\"2\" data-show=\"3\" data-columns=\"1\" data-loop=\"false\" data-autoplay=\"false\" data-center=\"false\" data-nav=\"false\" data-dots=\"false\" data-autoplayspeed=\"1000\" data-lasthalf=\"false\" data-margin=\"\"><div class=\"themestek-element-inner\">\r\n\t\t<div class=\"tstk-ele-header-area\">\r\n\t\t\t\t<div class=\"tstk-heading-subheading left-align tstk-reverse-heading-yes\"><\/div>\t\t<\/div>\r\n\r\n\t\t<div class=\"tstk-element-posts-wrapper row multi-columns-row\">\r\n\r\n\t\t<article class=\"tstk-ele tstk-ele-miconheading tstk-miconheading-style-2 col-md-12\"><div class=\"tstk-ihbox tstk-ihbox-style-2\"><div class=\"tstk-ihbox-box\">\r\n\t<div class=\"tstk-ihbox-headingicon\">\r\n\t\t<div class=\"tstk-ihbox-icon\"><div class=\"tstk-ihbox-icon-wrapper\"><i class=\"tstk-industrey-icon tstk-industrey-icon-professional\"><\/i><\/div><\/div>\t\t\t\t<\/div>\r\n\t\t<div class=\"tstk-ihbox-contents\">\r\n\t\t\t\t\t\t<h2 class=\"tstk-element-title\">\r\n\t\t\t\t\t\t\t\r\n\t\t\t\t\t\t\t\tTeam and competences\r\n\t\t\t\t\t\t\t\r\n\t\t\t\t\t\t\t<\/h2>\r\n\t\t\t\t\t\t\t\t\t\r\n\t\t\t<div class=\"tstk-heading-desc\">Our design team consists of high-class specialists with design qualifications in the bridge, road, construction, and hydrotechnical industries, which allows us to perform design studies related to foundations for all types of engineering structures and comprehensively solve very complex geotechnical problems. <\/div>\t\t\t\t\t<\/div><!-- .tstk-ihbox-contents -->\r\n<\/div>\r\n<\/div><\/article><article class=\"tstk-ele tstk-ele-miconheading tstk-miconheading-style-2 col-md-12\"><div class=\"tstk-ihbox tstk-ihbox-style-2\"><div class=\"tstk-ihbox-box\">\r\n\t<div class=\"tstk-ihbox-headingicon\">\r\n\t\t<div class=\"tstk-ihbox-icon\"><div class=\"tstk-ihbox-icon-wrapper\"><i class=\"tstk-industrey-icon tstk-industrey-icon-certificate\"><\/i><\/div><\/div>\t\t\t\t<\/div>\r\n\t\t<div class=\"tstk-ihbox-contents\">\r\n\t\t\t\t\t\t<h2 class=\"tstk-element-title\">\r\n\t\t\t\t\t\t\t\r\n\t\t\t\t\t\t\t\tTechnologies and tools\r\n\t\t\t\t\t\t\t\r\n\t\t\t\t\t\t\t<\/h2>\r\n\t\t\t\t\t\t\t\t\t\r\n\t\t\t<div class=\"tstk-heading-desc\">We have state-of-the-art industry software that allows us to model the most complex issues related to the interaction between the ground and the designed engineering structures.<\/div>\t\t\t\t\t<\/div><!-- .tstk-ihbox-contents -->\r\n<\/div>\r\n<\/div><\/article><article class=\"tstk-ele tstk-ele-miconheading tstk-miconheading-style-2 col-md-12\"><div class=\"tstk-ihbox tstk-ihbox-style-2\"><div class=\"tstk-ihbox-box\">\r\n\t<div class=\"tstk-ihbox-headingicon\">\r\n\t\t<div class=\"tstk-ihbox-icon\"><div class=\"tstk-ihbox-icon-wrapper\"><i class=\"tstk-industrey-icon tstk-industrey-icon-security-helmet\"><\/i><\/div><\/div>\t\t\t\t<\/div>\r\n\t\t<div class=\"tstk-ihbox-contents\">\r\n\t\t\t\t\t\t<h2 class=\"tstk-element-title\">\r\n\t\t\t\t\t\t\t\r\n\t\t\t\t\t\t\t\tOur Clients and Partners\r\n\t\t\t\t\t\t\t\r\n\t\t\t\t\t\t\t<\/h2>\r\n\t\t\t\t\t\t\t\t\t\r\n\t\t\t<div class=\"tstk-heading-desc\">We work with road authorities, the national railway network manager, local government units, design offices, and construction companies implementing the largest infrastructure investments in Poland in complex ground conditions.<\/div>\t\t\t\t\t<\/div><!-- .tstk-ihbox-contents -->\r\n<\/div>\r\n<\/div><\/article>\r\n\t\t<\/div>\r\n\r\n\t\t<\/div><!-- .themestek-element-inner -->   <\/div><!-- .themestek-element -->  \t\t\t\t<\/div>\n\t\t\t\t<\/div>\n\t\t\t\t\t<\/div>\n\t\t<\/div>\n\t\t\t\t\t<\/div>\n\t\t<\/section>\n\t\t\t\t<section class=\"elementor-section elementor-top-section elementor-element elementor-element-0b9e508 tstk-col-stretched-none tstk-bg-color-over-image elementor-section-boxed elementor-section-height-default elementor-section-height-default\" data-id=\"0b9e508\" data-element_type=\"section\" data-e-type=\"section\">\n\t\t\t\t\t\t<div class=\"elementor-container elementor-column-gap-default\">\n\t\t\t\t\t<div class=\"elementor-column elementor-col-100 elementor-top-column elementor-element elementor-element-fa6e355 tstk-bg-color-over-image\" data-id=\"fa6e355\" data-element_type=\"column\" data-e-type=\"column\">\n\t\t\t<div class=\"elementor-widget-wrap\">\n\t\t\t\t\t\t\t<\/div>\n\t\t<\/div>\n\t\t\t\t\t<\/div>\n\t\t<\/section>\n\t\t\t\t<\/div>","protected":false},"excerpt":{"rendered":"<p>GC PROJEKT Sp. z o.o. \u2013 biuro projektowo-konsultingowe Jeste\u015bmy wiod\u0105c\u0105 na polskim rynku firm\u0105 projektowo \u2013 konsultingow\u0105, \u015bwiadcz\u0105c\u0105 us\u0142ugi w zakresie szeroko rozumianej in\u017cynierii geotechnicznej. Zrealizowali\u015bmy wiele du\u017cych i presti\u017cowych projekt\u00f3w obejmuj\u0105cych z\u0142o\u017cone zagadnienia geotechniczne takie jak: zabezpieczenia osuwisk, zabezpieczenia skarp wykop\u00f3w i nasyp\u00f3w obiekt\u00f3w liniowych, wzmocnienia pod\u0142o\u017ca gruntowego, czy projekty posadowienia obiekt\u00f3w in\u017cynierskich i kubaturowych. Zesp\u00f3\u0142 i kompetencje Nasz zesp\u00f3\u0142 projektowy sk\u0142ada si\u0119 wysokiej klasy specjalist\u00f3w posiadaj\u0105cych uprawnienia projektowe[&hellip;]<\/p>\n","protected":false},"author":1,"featured_media":0,"parent":0,"menu_order":3,"comment_status":"closed","ping_status":"closed","template":"elementor_header_footer","meta":{"_acf_changed":false,"footnotes":""},"class_list":["post-64","page","type-page","status-publish","hentry"],"acf":[],"_links":{"self":[{"href":"https:\/\/www.gcprojekt.pl\/en\/wp-json\/wp\/v2\/pages\/64","targetHints":{"allow":["GET"]}}],"collection":[{"href":"https:\/\/www.gcprojekt.pl\/en\/wp-json\/wp\/v2\/pages"}],"about":[{"href":"https:\/\/www.gcprojekt.pl\/en\/wp-json\/wp\/v2\/types\/page"}],"author":[{"embeddable":true,"href":"https:\/\/www.gcprojekt.pl\/en\/wp-json\/wp\/v2\/users\/1"}],"replies":[{"embeddable":true,"href":"https:\/\/www.gcprojekt.pl\/en\/wp-json\/wp\/v2\/comments?post=64"}],"version-history":[{"count":10,"href":"https:\/\/www.gcprojekt.pl\/en\/wp-json\/wp\/v2\/pages\/64\/revisions"}],"predecessor-version":[{"id":899,"href":"https:\/\/www.gcprojekt.pl\/en\/wp-json\/wp\/v2\/pages\/64\/revisions\/899"}],"wp:attachment":[{"href":"https:\/\/www.gcprojekt.pl\/en\/wp-json\/wp\/v2\/media?parent=64"}],"curies":[{"name":"wp","href":"https:\/\/api.w.org\/{rel}","templated":true}]}}